{"id":106,"date":"2020-08-19T11:23:06","date_gmt":"2020-08-19T11:23:06","guid":{"rendered":"https:\/\/jupiterx.artbees.net\/surveyor\/?page_id=106"},"modified":"2022-05-25T03:21:33","modified_gmt":"2022-05-25T03:21:33","slug":"noticias","status":"publish","type":"page","link":"https:\/\/geolomin.com\/index.php\/noticias\/","title":{"rendered":"Noticias"},"content":{"rendered":"\t\t<div data-elementor-type=\"wp-page\" data-elementor-id=\"106\" class=\"elementor elementor-106\">\n\t\t\t\t\t\t\t\t\t<section class=\"elementor-section elementor-top-section elementor-element elementor-element-5bbd10a elementor-section-boxed elementor-section-height-default elementor-section-height-default\" data-id=\"5bbd10a\" data-element_type=\"section\" data-settings=\"{&quot;jet_parallax_layout_list&quot;:[{&quot;jet_parallax_layout_image&quot;:{&quot;url&quot;:&quot;&quot;,&quot;id&quot;:&quot;&quot;},&quot;_id&quot;:&quot;29ad74b&quot;,&quot;jet_parallax_layout_image_tablet&quot;:{&quot;url&quot;:&quot;&quot;,&quot;id&quot;:&quot;&quot;},&quot;jet_parallax_layout_image_mobile&quot;:{&quot;url&quot;:&quot;&quot;,&quot;id&quot;:&quot;&quot;},&quot;jet_parallax_layout_speed&quot;:{&quot;unit&quot;:&quot;%&quot;,&quot;size&quot;:50,&quot;sizes&quot;:[]},&quot;jet_parallax_layout_type&quot;:&quot;scroll&quot;,&quot;jet_parallax_layout_direction&quot;:null,&quot;jet_parallax_layout_fx_direction&quot;:null,&quot;jet_parallax_layout_z_index&quot;:&quot;&quot;,&quot;jet_parallax_layout_bg_x&quot;:50,&quot;jet_parallax_layout_bg_x_tablet&quot;:&quot;&quot;,&quot;jet_parallax_layout_bg_x_mobile&quot;:&quot;&quot;,&quot;jet_parallax_layout_bg_y&quot;:50,&quot;jet_parallax_layout_bg_y_tablet&quot;:&quot;&quot;,&quot;jet_parallax_layout_bg_y_mobile&quot;:&quot;&quot;,&quot;jet_parallax_layout_bg_size&quot;:&quot;auto&quot;,&quot;jet_parallax_layout_bg_size_tablet&quot;:&quot;&quot;,&quot;jet_parallax_layout_bg_size_mobile&quot;:&quot;&quot;,&quot;jet_parallax_layout_animation_prop&quot;:&quot;transform&quot;,&quot;jet_parallax_layout_on&quot;:[&quot;desktop&quot;,&quot;tablet&quot;]}],&quot;background_background&quot;:&quot;classic&quot;}\">\n\t\t\t\t\t\t\t<div class=\"elementor-background-overlay\"><\/div>\n\t\t\t\t\t\t\t<div class=\"elementor-container elementor-column-gap-no\">\n\t\t\t\t\t<div class=\"elementor-column elementor-col-100 elementor-top-column elementor-element elementor-element-079433c\" data-id=\"079433c\" data-element_type=\"column\">\n\t\t\t<div class=\"elementor-widget-wrap elementor-element-populated\">\n\t\t\t\t\t\t\t\t<div class=\"elementor-element elementor-element-986c698 elementor-widget elementor-widget-heading\" data-id=\"986c698\" data-element_type=\"widget\" data-widget_type=\"heading.default\">\n\t\t\t\t<div class=\"elementor-widget-container\">\n\t\t\t<style>\/*! elementor - v3.6.4 - 13-04-2022 *\/\n.elementor-heading-title{padding:0;margin:0;line-height:1}.elementor-widget-heading .elementor-heading-title[class*=elementor-size-]>a{color:inherit;font-size:inherit;line-height:inherit}.elementor-widget-heading .elementor-heading-title.elementor-size-small{font-size:15px}.elementor-widget-heading .elementor-heading-title.elementor-size-medium{font-size:19px}.elementor-widget-heading .elementor-heading-title.elementor-size-large{font-size:29px}.elementor-widget-heading .elementor-heading-title.elementor-size-xl{font-size:39px}.elementor-widget-heading .elementor-heading-title.elementor-size-xxl{font-size:59px}<\/style><h1 class=\"elementor-heading-title elementor-size-default\">Noticias  y Post<\/h1>\t\t<\/div>\n\t\t\t\t<\/div>\n\t\t\t\t\t<\/div>\n\t\t<\/div>\n\t\t\t\t\t\t\t<\/div>\n\t\t<\/section>\n\t\t\t\t<section class=\"elementor-section elementor-top-section elementor-element elementor-element-e6277bb elementor-section-boxed elementor-section-height-default elementor-section-height-default\" data-id=\"e6277bb\" data-element_type=\"section\" data-settings=\"{&quot;jet_parallax_layout_list&quot;:[]}\">\n\t\t\t\t\t\t<div class=\"elementor-container elementor-column-gap-default\">\n\t\t\t\t\t<div class=\"elementor-column elementor-col-100 elementor-top-column elementor-element elementor-element-7abe722\" data-id=\"7abe722\" data-element_type=\"column\">\n\t\t\t<div class=\"elementor-widget-wrap elementor-element-populated\">\n\t\t\t\t\t\t\t\t<div class=\"elementor-element elementor-element-2bd34b6 elementor-position-top elementor-vertical-align-top elementor-widget elementor-widget-image-box\" data-id=\"2bd34b6\" data-element_type=\"widget\" data-widget_type=\"image-box.default\">\n\t\t\t\t<div class=\"elementor-widget-container\">\n\t\t\t<style>\/*! elementor - v3.6.4 - 13-04-2022 *\/\n.elementor-widget-image-box .elementor-image-box-content{width:100%}@media (min-width:768px){.elementor-widget-image-box.elementor-position-left .elementor-image-box-wrapper,.elementor-widget-image-box.elementor-position-right .elementor-image-box-wrapper{display:-webkit-box;display:-ms-flexbox;display:flex}.elementor-widget-image-box.elementor-position-right .elementor-image-box-wrapper{text-align:right;-webkit-box-orient:horizontal;-webkit-box-direction:reverse;-ms-flex-direction:row-reverse;flex-direction:row-reverse}.elementor-widget-image-box.elementor-position-left .elementor-image-box-wrapper{text-align:left;-webkit-box-orient:horizontal;-webkit-box-direction:normal;-ms-flex-direction:row;flex-direction:row}.elementor-widget-image-box.elementor-position-top .elementor-image-box-img{margin:auto}.elementor-widget-image-box.elementor-vertical-align-top .elementor-image-box-wrapper{-webkit-box-align:start;-ms-flex-align:start;align-items:flex-start}.elementor-widget-image-box.elementor-vertical-align-middle .elementor-image-box-wrapper{-webkit-box-align:center;-ms-flex-align:center;align-items:center}.elementor-widget-image-box.elementor-vertical-align-bottom .elementor-image-box-wrapper{-webkit-box-align:end;-ms-flex-align:end;align-items:flex-end}}@media (max-width:767px){.elementor-widget-image-box .elementor-image-box-img{margin-left:auto!important;margin-right:auto!important;margin-bottom:15px}}.elementor-widget-image-box .elementor-image-box-img{display:inline-block}.elementor-widget-image-box .elementor-image-box-title a{color:inherit}.elementor-widget-image-box .elementor-image-box-wrapper{text-align:center}.elementor-widget-image-box .elementor-image-box-description{margin:0}<\/style><div class=\"elementor-image-box-wrapper\"><figure class=\"elementor-image-box-img\"><img width=\"1440\" height=\"960\" src=\"https:\/\/geolomin.com\/wp-content\/uploads\/2022\/05\/noticia-1.jpg\" class=\"attachment-full size-full\" alt=\"\" loading=\"lazy\" \/><\/figure><div class=\"elementor-image-box-content\"><h3 class=\"elementor-image-box-title\">Ecuador, cada vez m\u00e1s atractivo para las inversiones mineras<\/h3><p class=\"elementor-image-box-description\">El Gobierno prev\u00e9 aumentar en 40% las exportaciones mineras este a\u00f1o, por lo que ubicarse en el puesto 24 entre 84 jurisdicciones mineras le viene bien al pa\u00eds\n \nMirador y Fruta del Norte son los dos principales proyectos mineros del Ecuador.(Cortes\u00eda) Por \u00c1ngela Mel\u00e9ndez\n\nQUITO \u2014 Ecuador se posiciona cada vez m\u00e1s como un destino de inversiones mineras, pues de acuerdo con el informe del \u00cdndice Fraser correspondiente al 2021, la puntuaci\u00f3n del pa\u00eds creci\u00f3 un 26% comparado con el 2020.\nExportaciones mineras de Ecuador rompen r\u00e9cord hist\u00f3rico mensual\nSeg\u00fan estas estad\u00edsticas, que son el resultado de la encuesta anual del Instituto Fraser de Canad\u00e1, el pa\u00eds se ubica en el puesto 24 entre 84 jurisdicciones mineras, con una puntuaci\u00f3n del 72,79 sobre 100 frente a los 57,95 que alcanz\u00f3 en 2020.\nLa encuesta fue realizada a 2.200 personas a nivel internacional, en su mayor\u00eda presidentes de empresas relacionadas al sector minero, entre el 23 de agosto y el 19 de noviembre de 2021 y mide la percepci\u00f3n pol\u00edtica y el potencial minero de un pa\u00eds, lo cual influye en la inversi\u00f3n extranjera.\nLAS EXPORTACIONES BATEN R\u00c9CORDS\nEn enero pasado, las exportaciones mineras alcanzaron US$ 271,85 millones, 114% superior a lo exportado en el mismo periodo del 2021. Estas cifras, entregadas por el Banco Central del Ecuador (BCE), mantienen al sector minero como el cuarto rubro m\u00e1s exportado de la econom\u00eda nacional.\nEs decir, en el primer mes del a\u00f1o se alcanz\u00f3 el 12% de las proyecciones de exportaci\u00f3n de productos mineros para 2022 de los US$ 2.238 millones proyectados. El cobre y su concentrado son los productos m\u00e1s exportados, alcanzando el valor de US$ 157 millones, mientras que el oro y su concentrado se ubican en el quinto lugar, con US$ 115 millones.\nAsimismo, las exportaciones mineras se ubican como el tercer rubro de exportaciones no petroleras y el primer rubro de exportaciones no tradicionales, lo cual representa 11,07% de las exportaciones totales, detr\u00e1s del petr\u00f3leo crudo, camar\u00f3n y banano y pl\u00e1tano.\nEl Gobierno prev\u00e9 que las exportaciones mineras del Ecuador este a\u00f1o crezcan un 40% con relaci\u00f3n a 2021.\nPara el ministro de Energ\u00eda y Minas, Juan Carlos Bermeo, la nueva calificaci\u00f3n en el ranking \u201cda cuenta de la percepci\u00f3n positiva que tiene la comunidad internacional del pa\u00eds\u201d. Mientras que el viceministro de Minas, Xavier Vera, considera que \u201cel alto precio de los commodities, as\u00ed como las grandes oportunidades de exploraci\u00f3n que existen en Ecuador (solo el 10% del territorio ha sido explorado) aumentan la atracci\u00f3n de inversores mineros\u201d.\nEl Centro de Estudios canadiense Fraser es una organizaci\u00f3n informativa y educativa encargada de investigar la forma en que las pol\u00edticas estatales fomentan la inversi\u00f3n minera. Adem\u00e1s, eval\u00faa la manera en que las dotaciones de minerales y los factores de la pol\u00edtica p\u00fablica, as\u00ed como los impuestos y la incertidumbre regulatoria, influyen sobre la inversi\u00f3n en exploraci\u00f3n.\n<\/p><\/div><\/div>\t\t<\/div>\n\t\t\t\t<\/div>\n\t\t\t\t\t<\/div>\n\t\t<\/div>\n\t\t\t\t\t\t\t<\/div>\n\t\t<\/section>\n\t\t\t\t<section class=\"elementor-section elementor-top-section elementor-element elementor-element-26fcd5c elementor-section-stretched elementor-section-boxed elementor-section-height-default elementor-section-height-default\" data-id=\"26fcd5c\" data-element_type=\"section\" data-settings=\"{&quot;stretch_section&quot;:&quot;section-stretched&quot;,&quot;jet_parallax_layout_list&quot;:[],&quot;shape_divider_top&quot;:&quot;mountains&quot;}\">\n\t\t\t\t\t<div class=\"elementor-shape elementor-shape-top\" data-negative=\"false\">\n\t\t\t<svg xmlns=\"http:\/\/www.w3.org\/2000\/svg\" viewBox=\"0 0 1000 100\" preserveAspectRatio=\"none\">\n\t<path class=\"elementor-shape-fill\" opacity=\"0.33\" d=\"M473,67.3c-203.9,88.3-263.1-34-320.3,0C66,119.1,0,59.7,0,59.7V0h1000v59.7 c0,0-62.1,26.1-94.9,29.3c-32.8,3.3-62.8-12.3-75.8-22.1C806,49.6,745.3,8.7,694.9,4.7S492.4,59,473,67.3z\"\/>\n\t<path class=\"elementor-shape-fill\" opacity=\"0.66\" d=\"M734,67.3c-45.5,0-77.2-23.2-129.1-39.1c-28.6-8.7-150.3-10.1-254,39.1 s-91.7-34.4-149.2,0C115.7,118.3,0,39.8,0,39.8V0h1000v36.5c0,0-28.2-18.5-92.1-18.5C810.2,18.1,775.7,67.3,734,67.3z\"\/>\n\t<path class=\"elementor-shape-fill\" d=\"M766.1,28.9c-200-57.5-266,65.5-395.1,19.5C242,1.8,242,5.4,184.8,20.6C128,35.8,132.3,44.9,89.9,52.5C28.6,63.7,0,0,0,0 h1000c0,0-9.9,40.9-83.6,48.1S829.6,47,766.1,28.9z\"\/>\n<\/svg>\t\t<\/div>\n\t\t\t\t\t<div class=\"elementor-container elementor-column-gap-default\">\n\t\t\t\t\t<div class=\"elementor-column elementor-col-100 elementor-top-column elementor-element elementor-element-916043f\" data-id=\"916043f\" data-element_type=\"column\">\n\t\t\t<div class=\"elementor-widget-wrap elementor-element-populated\">\n\t\t\t\t\t\t\t\t<div class=\"elementor-element elementor-element-86cf2a6 elementor-position-top elementor-vertical-align-top elementor-widget elementor-widget-image-box\" data-id=\"86cf2a6\" data-element_type=\"widget\" data-widget_type=\"image-box.default\">\n\t\t\t\t<div class=\"elementor-widget-container\">\n\t\t\t<div class=\"elementor-image-box-wrapper\"><figure class=\"elementor-image-box-img\"><img width=\"1024\" height=\"681\" src=\"https:\/\/geolomin.com\/wp-content\/uploads\/2022\/05\/noticia-2.jpg\" class=\"attachment-full size-full\" alt=\"\" loading=\"lazy\" \/><\/figure><div class=\"elementor-image-box-content\"><h3 class=\"elementor-image-box-title\">EL PANORAMA MINERO NACIONAL<\/h3><p class=\"elementor-image-box-description\">Ecuador al momento cuenta con dos minas en producci\u00f3n: Fruta del Norte y Mirador, ambas ubicadas en Zamora Chinchipe. Adem\u00e1s, tiene tres proyectos mineros estrat\u00e9gicos en desarrollo: Loma Larga, San Carlos Panantza y R\u00edo Blanco.\n-En el pa\u00eds existe una superficie total concesionada a minas y proyectos mineros de 104.728 hect\u00e1reas, distribuidas en siete provincias; la mayor parte se encuentra en la provincia de Morona Santiago y corresponde al proyecto minero de primera generaci\u00f3n San Carlos Panantza, con 38.548 hect\u00e1reas.\n-De enero a septiembre de 2021, la inversi\u00f3n en las minas y proyectos mineros fue de US$ 207,6 millones, siendo la provincia de Zamora Chinchipe la que mayor beneficio obtuvo, con US$ 144,5 millones, lo que representa 69,6% de la inversi\u00f3n total.\n-En cuanto al empleo, al tercer trimestre de 2021, las minas y proyectos mineros estrat\u00e9gicos y de segunda generaci\u00f3n emplearon a un total de 29.882 trabajadores, de los cuales 7.421 corresponden a empleos directos y 22.461 a indirectos.\n-Entre 2007 y 2020, \u00faltima fecha disponible del valor agregado bruto por industria, la participaci\u00f3n de la explotaci\u00f3n de minas y canteras registra un incremento de 0,399 puntos porcentuales, al pasar de 0,29% al 0,68% del PIB. Se espera que con la producci\u00f3n de las minas Fruta del Norte y Mirador esa participaci\u00f3n siga aumentando en los pr\u00f3ximos a\u00f1os.\n-Los pa\u00edses que m\u00e1s compraron oro ecuatoriano en el per\u00edodo enero - noviembre de 2021 fueron: Suiza, que registra una participaci\u00f3n del 44,32%, seguido de Estados Unidos, con el 42,54%; Emiratos \u00c1rabes Unidos, con 7,11%; Italia, con 3,77%, y la India 2,26%.\n<\/p><\/div><\/div>\t\t<\/div>\n\t\t\t\t<\/div>\n\t\t\t\t\t<\/div>\n\t\t<\/div>\n\t\t\t\t\t\t\t<\/div>\n\t\t<\/section>\n\t\t\t\t\t\t\t<\/div>\n\t\t","protected":false},"excerpt":{"rendered":"<p>Noticias y Post Ecuador, cada vez m\u00e1s atractivo para las inversiones mineras El Gobierno prev\u00e9 aumentar en 40% las exportaciones mineras este a\u00f1o, por lo que ubicarse en el puesto 24 entre 84 jurisdicciones mineras le viene bien al pa\u00eds Mirador y Fruta del Norte son los dos principales proyectos mineros del Ecuador.(Cortes\u00eda) Por \u00c1ngela [&hellip;]<\/p>\n","protected":false},"author":1,"featured_media":0,"parent":0,"menu_order":0,"comment_status":"closed","ping_status":"closed","template":"full-width.php","meta":{"om_disable_all_campaigns":false,"_monsterinsights_skip_tracking":false,"_monsterinsights_sitenote_active":false,"_monsterinsights_sitenote_note":"","_monsterinsights_sitenote_category":0},"acf":[],"_links":{"self":[{"href":"https:\/\/geolomin.com\/index.php\/wp-json\/wp\/v2\/pages\/106"}],"collection":[{"href":"https:\/\/geolomin.com\/index.php\/wp-json\/wp\/v2\/pages"}],"about":[{"href":"https:\/\/geolomin.com\/index.php\/wp-json\/wp\/v2\/types\/page"}],"author":[{"embeddable":true,"href":"https:\/\/geolomin.com\/index.php\/wp-json\/wp\/v2\/users\/1"}],"replies":[{"embeddable":true,"href":"https:\/\/geolomin.com\/index.php\/wp-json\/wp\/v2\/comments?post=106"}],"version-history":[{"count":58,"href":"https:\/\/geolomin.com\/index.php\/wp-json\/wp\/v2\/pages\/106\/revisions"}],"predecessor-version":[{"id":595,"href":"https:\/\/geolomin.com\/index.php\/wp-json\/wp\/v2\/pages\/106\/revisions\/595"}],"wp:attachment":[{"href":"https:\/\/geolomin.com\/index.php\/wp-json\/wp\/v2\/media?parent=106"}],"curies":[{"name":"wp","href":"https:\/\/api.w.org\/{rel}","templated":true}]}}